{"id":10,"date":"2016-06-28T21:23:52","date_gmt":"2016-06-28T19:23:52","guid":{"rendered":"http:\/\/www.saibot-tech.de\/?page_id=10"},"modified":"2018-07-05T13:54:49","modified_gmt":"2018-07-05T11:54:49","slug":"impressum","status":"publish","type":"page","link":"https:\/\/www.saibot-tech.de\/?page_id=10","title":{"rendered":"Impressum"},"content":{"rendered":"<p><b><img loading=\"lazy\" decoding=\"async\" class=\"wp-image-121 alignleft\" src=\"http:\/\/www.saibot-tech.de\/wp-content\/uploads\/2016\/06\/paragraphenzeichen-1.gif\" alt=\"paragraphenzeichen\" width=\"50\" height=\"58\" \/><\/b><\/p>\n<p>&nbsp;<\/p>\n<p><span style=\"color: #003366;\"><em><strong>Impressum:<\/strong><\/em><\/span><\/p>\n<p><span style=\"color: #003366;\"> Angaben gem\u00e4\u00df \u00a7 5 TMG<\/span><\/p>\n<p><span style=\"text-decoration: underline; color: #003366;\"><strong><em>saiboT-Tech<\/em><\/strong><\/span><\/p>\n<p><span style=\"color: #003366;\"> <em>Langobardenstrasse 2<\/em><\/span><\/p>\n<p><span style=\"color: #003366;\"> <em>83329 Waging am See<\/em><\/span><\/p>\n<p><span style=\"color: #003366;\"> <em>Vertreten durch:<\/em><\/span><\/p>\n<p><span style=\"color: #003366;\"> <em>Tobias-Lars H\u00f6her<\/em><\/span><\/p>\n<p><span style=\"color: #003366;\"> <strong><em>Kontakt:<\/em><\/strong><\/span><\/p>\n<p><span style=\"color: #003366;\"> <em>Tel: +49 8681-698251<\/em><\/span><\/p>\n<p><span style=\"color: #003366;\"><em>Mobil: +49 171-9324121<\/em><\/span><\/p>\n<p><span style=\"color: #003366;\"><em>WhatsApp: +49 171-9324121<br \/>\n<\/em><\/span><\/p>\n<p><span style=\"color: #003366;\"> <em>Fax: +49 8681-698252<\/em><\/span><\/p>\n<p><span style=\"color: #003366;\"> <em>E-Mail: Info@saiboT-Tech.de\u00a0<\/em><\/span><span style=\"color: #003366;\"><em> <a href=\"http:\/\/www.saibot-tech.de\/?page_id=271\">(gerne k\u00f6nnen Sie auch das Kontaktformular benutzen)\u00a0\u00a0 <\/a><\/em><\/span><span style=\"color: #003366;\"><em><strong><a href=\"http:\/\/www.saibot-tech.de\/?page_id=271\"><img loading=\"lazy\" decoding=\"async\" class=\"alignnone wp-image-296\" src=\"http:\/\/www.saibot-tech.de\/wp-content\/uploads\/2016\/06\/Formular_icon_blau-300x300.png\" alt=\"Formular_icon_blau\" width=\"27\" height=\"27\" srcset=\"https:\/\/www.saibot-tech.de\/wp-content\/uploads\/2016\/06\/Formular_icon_blau-300x300.png 300w, https:\/\/www.saibot-tech.de\/wp-content\/uploads\/2016\/06\/Formular_icon_blau-150x150.png 150w, https:\/\/www.saibot-tech.de\/wp-content\/uploads\/2016\/06\/Formular_icon_blau-768x768.png 768w, https:\/\/www.saibot-tech.de\/wp-content\/uploads\/2016\/06\/Formular_icon_blau-1024x1024.png 1024w, https:\/\/www.saibot-tech.de\/wp-content\/uploads\/2016\/06\/Formular_icon_blau.png 1200w\" sizes=\"auto, (max-width: 27px) 100vw, 27px\" \/><\/a><\/strong><\/em><\/span><\/p>\n<p><span style=\"color: #003366;\"><em>\u00a0<\/em><\/span><\/p>\n<p><span style=\"color: #003366;\"><strong>Umsatzsteuer-ID:<\/strong><\/span><\/p>\n<p><span style=\"color: #003366;\"> Umsatzsteuer-Identifikationsnummer gem\u00e4\u00df \u00a727 a Umsatzsteuergesetz:<\/span><\/p>\n<p><span style=\"color: #003366;\"> <em>DE 202423512<\/em><\/span><\/p>\n<p><span style=\"color: #003366;\"><strong>Haftungsausschluss: (Disclaimer)<\/strong><\/span><\/p>\n<p><span style=\"color: #003366;\"> Quelle: Disclaimer von eRecht24.de<\/span><\/p>\n<p><span style=\"color: #003366;\"><strong>Haftung f\u00fcr Inhalte:<\/strong><\/span><\/p>\n<p><span style=\"color: #003366;\"> Die Inhalte unserer Seiten wurden mit gr\u00f6\u00dfter Sorgfalt erstellt. F\u00fcr die Richtigkeit, Vollst\u00e4ndigkeit und Aktualit\u00e4t der Inhalte k\u00f6nnen wir jedoch keine Gew\u00e4hr \u00fcbernehmen. Als Betreiber sind wir gem\u00e4\u00df \u00a7 7 Abs.1 TMG f\u00fcr eigene Inhalte auf diesen Seiten nach den allgemeinen Gesetzen verantwortlich. Nach \u00a7\u00a7 8 bis 10 TMG sind wir als Betreiber jedoch nicht verpflichtet, \u00fcbermittelte oder gespeicherte fremde Informationen zu \u00fcberwachen oder nach Umst\u00e4nden zu forschen, die auf eine rechtswidrige T\u00e4tigkeit hinweisen. Verpflichtungen zur Entfernung oder Sperrung der Nutzung von Informationen nach den allgemeinen Gesetzen bleiben hiervon unber\u00fchrt. Eine diesbez\u00fcgliche Haftung ist jedoch erst ab dem Zeitpunkt der Kenntnis einer konkreten Rechtsverletzung m\u00f6glich. Bei bekannt werden von entsprechenden Rechtsverletzungen werden wir diese Inhalte umgehend entfernen. Haftung f\u00fcr Links: Unser Angebot enth\u00e4lt Links zu externen Webseiten Dritter,auf deren Inhalte wir keinen Einfluss haben. Deshalb k\u00f6nnen wir f\u00fcr diese fremden Inhalte auch keine Gew\u00e4hr \u00fcbernehmen. F\u00fcr die Inhalte der verlinkten Seiten ist stets der jeweilige Anbieter oder Betreiber der Seiten verantwortlich. Die verlinkten Seiten wurden zum Zeitpunkt der Verlinkung (08.03.2016) auf m\u00f6gliche Rechtsverst\u00f6\u00dfe \u00fcberpr\u00fcft. Rechtswidrige Inhalte waren zum Zeitpunkt der Verlinkung nicht erkennbar. Eine permanente inhaltliche Kontrolle der verlinkten Seiten ist jedoch ohne konkrete Anhaltspunkte einer Rechtsverletzung nicht zumutbar. Bei bekannt werden von Rechtsverletzungen werden wir derartige Links umgehend entfernen. Urheberrecht Die durch die Seitenbetreiber erstellten Inhalte und Werke auf diesen Seiten unterliegen dem deutschen Urheberrecht. Beitr\u00e4ge Dritter sind als solche gekennzeichnet. Die Vervielf\u00e4ltigung, Bearbeitung, Verbreitung und jede Art der Verwertung au\u00dferhalb der Grenzen des Urheberrechtes bed\u00fcrfen der schriftlichen Zustimmung des jeweiligen Autors bzw. Erstelters. Downloads und Kopien dieser Seite sind nur f\u00fcr den privaten, nicht kommerziellen Gebrauch gestattet. Wir sind bem\u00fcht, stets die Urheberrechte anderer zu beachten bzw. auf selbst erstellte sowie lizenzfreie Werke zur\u00fcckzugreifen.<\/span><\/p>\n<p><span style=\"color: #003366;\"><strong>Datenschutz:<\/strong><\/span><\/p>\n<p><span style=\"color: #003366;\"> Soweit auf unseren Seiten personenbezogene Daten (beispielsweise Name, Anschrift oder eMail-Adressen) erhoben werden, erfolgt dies soweit m\u00f6glich stets auf freiwilliger Basis. Die Nutzung der Angebote und Dienste ist, soweit m\u00f6glich, stets ohne Angabe personenbezogener Daten m\u00f6glich. Wir weisen darauf hin, dass die Daten\u00fcbertragung im Internet (z.B. bei der Kommunikation per E-Mail) Sicherheitsl\u00fccken aufweisen kann. Ein l\u00fcckenloser Schutz der Daten vor dem Zugriff durch Dritte ist nicht m\u00f6glich. Der Nutzung von im Rahmen der Impressumspflicht ver\u00f6ffentlichten Kontaktdaten durch Dritte zur \u00dcbersendung von nicht ausdr\u00fccklich angeforderter Werbung und Informationsmaterialien wird hiermit ausdr\u00fccklich widersprochen. Wir als Betreiber der Seiten, behalten uns ausdr\u00fccklich rechtliche Schritte im Falle der unverlangten Zusendung von Werbeinformationen, etwa durch Spam-Mails, vor.<\/span><\/p>\n<p><span style=\"color: #003366;\"><strong>Quellenangaben f\u00fcr die verwendeten Bilder und Grafiken:<\/strong><\/span><\/p>\n<p><span style=\"color: #003366;\">Pixabay<\/span> (<a href=\"https:\/\/pixabay.com\/de\">https:\/\/pixabay.com\/de<\/a>)<\/p>\n<p><span style=\"color: #003366;\"><strong>Online Streitbeilegung:<\/strong><\/span><\/p>\n<p><span style=\"color: #003366;\"> Plattform der EU-Kommission zur Online-Streitbeilegung:<\/span> <a href=\"http:\/\/www.ec.europa.eu\/consumers\/odr\">www.ec.europa.eu\/consumers\/odr<\/a><\/p>\n<p>&nbsp;<\/p>\n<hr \/>\n<p>&nbsp;<\/p>\n<ul id=\"client-logos\" class=\"clearfix\">\n<li class=\"item span3 client1\"><img decoding=\"async\" src=\"http:\/\/www.saibot-tech.de\/wp-content\/uploads\/2016\/06\/cable-541062_640.jpg\" alt=\"Client Logo\" \/><\/li>\n<li class=\"item span3 client2\"><img decoding=\"async\" src=\"http:\/\/www.saibot-tech.de\/wp-content\/uploads\/2016\/06\/service-428538_640.jpg\" alt=\"Client Logo\" \/><\/li>\n<li class=\"item span3 client3\"><img decoding=\"async\" src=\"http:\/\/www.saibot-tech.de\/wp-content\/uploads\/2016\/06\/circuit-1357939_640.jpg\" alt=\"Client Logo\" \/><\/li>\n<li class=\"item span3 client4\"><img decoding=\"async\" src=\"http:\/\/www.saibot-tech.de\/wp-content\/uploads\/2016\/06\/laptop-1385700_640.jpg\" alt=\"Client Logo\" \/><\/li>\n<\/ul>\n","protected":false},"excerpt":{"rendered":"<p>&nbsp; Impressum: Angaben gem\u00e4\u00df \u00a7 5 TMG saiboT-Tech Langobardenstrasse 2 83329 Waging am See Vertreten durch: Tobias-Lars H\u00f6her Kontakt: Tel: +49 8681-698251 Mobil: +49 171-9324121 WhatsApp: +49 171-9324121 Fax: +49 8681-698252 E-Mail: Info@saiboT-Tech.de\u00a0 (gerne k\u00f6nnen Sie auch das Kontaktformular benutzen)\u00a0\u00a0 \u00a0 Umsatzsteuer-ID: Umsatzsteuer-Identifikationsnummer gem\u00e4\u00df \u00a727 a Umsatzsteuergesetz: DE 202423512 Haftungsausschluss:&#8230;<\/p>\n","protected":false},"author":1,"featured_media":0,"parent":0,"menu_order":0,"comment_status":"closed","ping_status":"closed","template":"","meta":{"footnotes":""},"class_list":["post-10","page","type-page","status-publish","hentry"],"_links":{"self":[{"href":"https:\/\/www.saibot-tech.de\/index.php?rest_route=\/wp\/v2\/pages\/10","targetHints":{"allow":["GET"]}}],"collection":[{"href":"https:\/\/www.saibot-tech.de\/index.php?rest_route=\/wp\/v2\/pages"}],"about":[{"href":"https:\/\/www.saibot-tech.de\/index.php?rest_route=\/wp\/v2\/types\/page"}],"author":[{"embeddable":true,"href":"https:\/\/www.saibot-tech.de\/index.php?rest_route=\/wp\/v2\/users\/1"}],"replies":[{"embeddable":true,"href":"https:\/\/www.saibot-tech.de\/index.php?rest_route=%2Fwp%2Fv2%2Fcomments&post=10"}],"version-history":[{"count":31,"href":"https:\/\/www.saibot-tech.de\/index.php?rest_route=\/wp\/v2\/pages\/10\/revisions"}],"predecessor-version":[{"id":591,"href":"https:\/\/www.saibot-tech.de\/index.php?rest_route=\/wp\/v2\/pages\/10\/revisions\/591"}],"wp:attachment":[{"href":"https:\/\/www.saibot-tech.de\/index.php?rest_route=%2Fwp%2Fv2%2Fmedia&parent=10"}],"curies":[{"name":"wp","href":"https:\/\/api.w.org\/{rel}","templated":true}]}}