{"id":6,"date":"2016-06-28T21:19:21","date_gmt":"2016-06-28T19:19:21","guid":{"rendered":"http:\/\/www.saibot-tech.de\/?page_id=6"},"modified":"2021-10-18T10:00:32","modified_gmt":"2021-10-18T08:00:32","slug":"ueber-uns","status":"publish","type":"page","link":"https:\/\/www.saibot-tech.de\/?page_id=6","title":{"rendered":"Service"},"content":{"rendered":"<h3><span style=\"color: #003366;\">Was wir alles f\u00fcr Sie tun k\u00f6nnen.<\/span><\/h3>\n<hr \/>\n<ul>\n<li><span style=\"color: #003366;\">Hardware &amp; Software<\/span><\/li>\n<li><span style=\"color: #003366;\">Elektronik &amp; Elektroinstallationsbedarf<\/span><\/li>\n<li><span style=\"color: #003366;\">Hochfrequenz-Produkte<\/span><\/li>\n<li><span style=\"color: #003366;\">Elektro Gro\u00df- und Kleinger\u00e4te<\/span><\/li>\n<li><span style=\"color: #003366;\">Hausautomatisation (Smart Home)<\/span><\/li>\n<li><span style=\"color: #003366;\">Hifi &amp; TV<\/span><\/li>\n<li><span style=\"color: #003366;\">Mobilfunk<\/span><\/li>\n<li><span style=\"color: #003366;\">DSL<\/span><\/li>\n<li><span style=\"color: #003366;\">Reinigungsbedarf<\/span><\/li>\n<li><span style=\"color: #003366;\">Lohnfertigung und Sonderfertigung<\/span><\/li>\n<li><span style=\"color: #003366;\">3D-Druck<\/span><\/li>\n<li><span style=\"color: #003366;\">uvm.<\/span><\/li>\n<\/ul>\n<p><a href=\"http:\/\/www.saibot-tech.de\/?page_id=402\"><strong>Hier finden Sie unsere Partner und Referenzen.<\/strong><\/a><\/p>\n<p><span style=\"color: #003366;\">Ist Ihr PC, Notebook, Handy oder Tablet ist defekt? \u00a0Fragen Sie bei uns nach, in den meisten F\u00e4llen ist eine Reparatur m\u00f6glich.<\/span><\/p>\n<p><span style=\"color: #003366;\">Wir bieten Ihnen auch individuelle L\u00f6sungen in den fast allen Bereichen an.<\/span><\/p>\n<h4><span style=\"color: #003366;\"><em><strong><a href=\"http:\/\/www.saibot-tech.de\/?page_id=271\"><img loading=\"lazy\" decoding=\"async\" class=\"wp-image-296 alignleft\" src=\"http:\/\/www.saibot-tech.de\/wp-content\/uploads\/2016\/06\/Formular_icon_blau-300x300.png\" alt=\"Formular_icon_blau\" width=\"43\" height=\"43\" srcset=\"https:\/\/www.saibot-tech.de\/wp-content\/uploads\/2016\/06\/Formular_icon_blau-300x300.png 300w, https:\/\/www.saibot-tech.de\/wp-content\/uploads\/2016\/06\/Formular_icon_blau-150x150.png 150w, https:\/\/www.saibot-tech.de\/wp-content\/uploads\/2016\/06\/Formular_icon_blau-768x768.png 768w, https:\/\/www.saibot-tech.de\/wp-content\/uploads\/2016\/06\/Formular_icon_blau-1024x1024.png 1024w, https:\/\/www.saibot-tech.de\/wp-content\/uploads\/2016\/06\/Formular_icon_blau.png 1200w\" sizes=\"auto, (max-width: 43px) 100vw, 43px\" \/><\/a> <a href=\"http:\/\/www.saibot-tech.de\/?page_id=271\">Sie haben Fragen, \u00a0senden Sie uns eine Email . Nutzen Sie hierf\u00fcr bitte das Kontaktformular.<\/a><\/strong><\/em><\/span><\/h4>\n<p><img loading=\"lazy\" decoding=\"async\" class=\"alignnone wp-image-498\" src=\"http:\/\/www.saibot-tech.de\/wp-content\/uploads\/2017\/05\/WhatsApp_Anfrage-300x104.jpg\" alt=\"\" width=\"600\" height=\"208\" srcset=\"https:\/\/www.saibot-tech.de\/wp-content\/uploads\/2017\/05\/WhatsApp_Anfrage-300x104.jpg 300w, https:\/\/www.saibot-tech.de\/wp-content\/uploads\/2017\/05\/WhatsApp_Anfrage.jpg 711w\" sizes=\"auto, (max-width: 600px) 100vw, 600px\" \/><\/p>\n<hr \/>\n<ul id=\"client-logos\" class=\"clearfix\">\n<li class=\"item span3 client1\"><img decoding=\"async\" src=\"http:\/\/www.saibot-tech.de\/wp-content\/uploads\/2016\/06\/laptop-1385700_640.jpg\" alt=\"Client Logo\" \/><\/li>\n<li class=\"item span3 client2\"><img decoding=\"async\" src=\"http:\/\/www.saibot-tech.de\/wp-content\/uploads\/2016\/06\/circuit-1357939_640.jpg\" alt=\"Client Logo\" \/><\/li>\n<li class=\"item span3 client3\"><img decoding=\"async\" src=\"http:\/\/www.saibot-tech.de\/wp-content\/uploads\/2016\/06\/network-cables-499792_640.jpg\" alt=\"Client Logo\" \/><\/li>\n<li class=\"item span3 client4\"><img decoding=\"async\" src=\"http:\/\/www.saibot-tech.de\/wp-content\/uploads\/2016\/06\/service-428538_640.jpg\" alt=\"Client Logo\" \/><\/li>\n<\/ul>\n","protected":false},"excerpt":{"rendered":"<p>Was wir alles f\u00fcr Sie tun k\u00f6nnen. Hardware &amp; Software Elektronik &amp; Elektroinstallationsbedarf Hochfrequenz-Produkte Elektro Gro\u00df- und Kleinger\u00e4te Hausautomatisation (Smart Home) Hifi &amp; TV Mobilfunk DSL Reinigungsbedarf Lohnfertigung und Sonderfertigung 3D-Druck uvm. Hier finden Sie unsere Partner und Referenzen. Ist Ihr PC, Notebook, Handy oder Tablet ist defekt? \u00a0Fragen Sie&#8230;<\/p>\n","protected":false},"author":1,"featured_media":0,"parent":0,"menu_order":0,"comment_status":"closed","ping_status":"closed","template":"","meta":{"footnotes":""},"class_list":["post-6","page","type-page","status-publish","hentry"],"_links":{"self":[{"href":"https:\/\/www.saibot-tech.de\/index.php?rest_route=\/wp\/v2\/pages\/6","targetHints":{"allow":["GET"]}}],"collection":[{"href":"https:\/\/www.saibot-tech.de\/index.php?rest_route=\/wp\/v2\/pages"}],"about":[{"href":"https:\/\/www.saibot-tech.de\/index.php?rest_route=\/wp\/v2\/types\/page"}],"author":[{"embeddable":true,"href":"https:\/\/www.saibot-tech.de\/index.php?rest_route=\/wp\/v2\/users\/1"}],"replies":[{"embeddable":true,"href":"https:\/\/www.saibot-tech.de\/index.php?rest_route=%2Fwp%2Fv2%2Fcomments&post=6"}],"version-history":[{"count":50,"href":"https:\/\/www.saibot-tech.de\/index.php?rest_route=\/wp\/v2\/pages\/6\/revisions"}],"predecessor-version":[{"id":847,"href":"https:\/\/www.saibot-tech.de\/index.php?rest_route=\/wp\/v2\/pages\/6\/revisions\/847"}],"wp:attachment":[{"href":"https:\/\/www.saibot-tech.de\/index.php?rest_route=%2Fwp%2Fv2%2Fmedia&parent=6"}],"curies":[{"name":"wp","href":"https:\/\/api.w.org\/{rel}","templated":true}]}}